{"id":397,"date":"2018-12-13T09:12:10","date_gmt":"2018-12-13T09:12:10","guid":{"rendered":"http:\/\/nomecs.swimberghe.be\/machines\/"},"modified":"2023-10-09T11:01:30","modified_gmt":"2023-10-09T11:01:30","slug":"machines","status":"publish","type":"page","link":"https:\/\/www.nomecs.be\/fr\/machines\/","title":{"rendered":"Machines"},"content":{"rendered":"<div class=\"field field-name-body field-type-text-with-summary field-label-hidden view-mode-full\">\n<div class=\"field-items\">\n<div class=\"field-item even\">\n<p>En collaboration avec ses partenaires, NOMECS r\u00e9alisera <strong>VOS MACHINES<\/strong><\/p>\n<p>Si ce sont les premiers essais, les prototypes ou des machines enti\u00e8res, nous nous occupons de toutes les \u00e9tapes: \u00e9tude et conception, fabrication, assemblage, automatisation, essais, d\u00e9marrage, mise en production.<\/p>\n<\/div>\n<\/div>\n<\/div>\n","protected":false},"excerpt":{"rendered":"<p>En collaboration avec ses partenaires, NOMECS r\u00e9alisera VOS MACHINES Si ce sont les premiers essais, les prototypes ou des machines enti\u00e8res, nous nous occupons de toutes les \u00e9tapes: \u00e9tude et conception, fabrication, assemblage, automatisation, essais, d\u00e9marrage, mise en production. [&#8230;]<\/p>\n<p><a class=\"btn btn-secondary understrap-read-more-link\" href=\"https:\/\/www.nomecs.be\/fr\/machines\/\">Lire la suite&#8230;<\/a><\/p>\n","protected":false},"author":1,"featured_media":61,"parent":0,"menu_order":0,"comment_status":"closed","ping_status":"closed","template":"page-templates\/servicepage.php","meta":[],"_links":{"self":[{"href":"https:\/\/www.nomecs.be\/fr\/wp-json\/wp\/v2\/pages\/397"}],"collection":[{"href":"https:\/\/www.nomecs.be\/fr\/wp-json\/wp\/v2\/pages"}],"about":[{"href":"https:\/\/www.nomecs.be\/fr\/wp-json\/wp\/v2\/types\/page"}],"author":[{"embeddable":true,"href":"https:\/\/www.nomecs.be\/fr\/wp-json\/wp\/v2\/users\/1"}],"replies":[{"embeddable":true,"href":"https:\/\/www.nomecs.be\/fr\/wp-json\/wp\/v2\/comments?post=397"}],"version-history":[{"count":11,"href":"https:\/\/www.nomecs.be\/fr\/wp-json\/wp\/v2\/pages\/397\/revisions"}],"predecessor-version":[{"id":679,"href":"https:\/\/www.nomecs.be\/fr\/wp-json\/wp\/v2\/pages\/397\/revisions\/679"}],"wp:featuredmedia":[{"embeddable":true,"href":"https:\/\/www.nomecs.be\/fr\/wp-json\/wp\/v2\/media\/61"}],"wp:attachment":[{"href":"https:\/\/www.nomecs.be\/fr\/wp-json\/wp\/v2\/media?parent=397"}],"curies":[{"name":"wp","href":"https:\/\/api.w.org\/{rel}","templated":true}]}}